{"id":2,"date":"2024-09-15T22:59:55","date_gmt":"2024-09-15T22:59:55","guid":{"rendered":"https:\/\/eventasticmaroc.com\/?page_id=2"},"modified":"2025-02-06T14:04:20","modified_gmt":"2025-02-06T14:04:20","slug":"a-propos","status":"publish","type":"page","link":"https:\/\/eventasticmaroc.com\/?page_id=2","title":{"rendered":"\u00c0-propos"},"content":{"rendered":"\t\t<div data-elementor-type=\"wp-page\" data-elementor-id=\"2\" class=\"elementor elementor-2\" data-elementor-post-type=\"page\">\n\t\t\t\t<div class=\"elementor-element elementor-element-551ddbe1 e-con-full e-flex e-con e-parent\" data-id=\"551ddbe1\" data-element_type=\"container\" data-e-type=\"container\" data-settings=\"{&quot;background_background&quot;:&quot;classic&quot;}\">\n\t\t<div class=\"elementor-element elementor-element-5ebf7231 e-con-full e-flex e-con e-child\" data-id=\"5ebf7231\" data-element_type=\"container\" data-e-type=\"container\">\n\t\t\t\t<div class=\"elementor-element elementor-element-56610256 elementor-widget__width-inherit elementor-widget-mobile__width-inherit elementor-widget elementor-widget-image-box\" data-id=\"56610256\" data-element_type=\"widget\" data-e-type=\"widget\" data-widget_type=\"image-box.default\">\n\t\t\t\t<div class=\"elementor-widget-container\">\n\t\t\t\t\t<div class=\"elementor-image-box-wrapper\"><div class=\"elementor-image-box-content\"><h3 class=\"elementor-image-box-title\">Eventastic maroc<\/h3><p class=\"elementor-image-box-description\">Chez Eventastic, nous transformons vos id\u00e9es en moments inoubliables. Notre agence de planification d\u2019\u00e9v\u00e9nements, sp\u00e9cialis\u00e9e dans tous types d\u2019\u00e9v\u00e9nements, s\u2019engage \u00e0 faire de chaque occasion un souvenir unique et m\u00e9morable. Que vous planifiiez un mariage, un anniversaire, une soir\u00e9e d\u2019entreprise, ou m\u00eame un \u00e9v\u00e9nement priv\u00e9, notre \u00e9quipe d\u2019experts est l\u00e0 pour vous accompagner \u00e0 chaque \u00e9tape.\n\nNotre agence, sp\u00e9cialis\u00e9e dans la planification sur mesure de tous types d\u2019\u00e9v\u00e9nements, s\u2019engage \u00e0 vous offrir une exp\u00e9rience unique. Nous mettons notre expertise \u00e0 votre disposition pour cr\u00e9er des exp\u00e9riences magiques, con\u00e7ues pour refl\u00e9ter vos r\u00eaves et vos d\u00e9sirs. Du premier rendez-vous jusqu\u2019au jour J, notre \u00e9quipe d\u2019experts passionn\u00e9s est \u00e0 vos c\u00f4t\u00e9s pour vous accompagner, vous conseiller et orchestrer chaque \u00e9tape avec soin et professionnalisme.<\/p><\/div><\/div>\t\t\t\t<\/div>\n\t\t\t\t<\/div>\n\t\t\t\t<div class=\"elementor-element elementor-element-374e6c48 elementor-widget elementor-widget-image\" data-id=\"374e6c48\" data-element_type=\"widget\" data-e-type=\"widget\" data-widget_type=\"image.default\">\n\t\t\t\t<div class=\"elementor-widget-container\">\n\t\t\t\t\t\t\t\t\t\t\t\t\t\t\t<img fetchpriority=\"high\" decoding=\"async\" width=\"851\" height=\"1280\" src=\"https:\/\/eventasticmaroc.com\/wp-content\/uploads\/2025\/02\/WhatsApp-Image-2025-02-02-at-16.15.49-5.jpeg\" class=\"attachment-full size-full wp-image-361\" alt=\"\" srcset=\"https:\/\/eventasticmaroc.com\/wp-content\/uploads\/2025\/02\/WhatsApp-Image-2025-02-02-at-16.15.49-5.jpeg 851w, https:\/\/eventasticmaroc.com\/wp-content\/uploads\/2025\/02\/WhatsApp-Image-2025-02-02-at-16.15.49-5-199x300.jpeg 199w, https:\/\/eventasticmaroc.com\/wp-content\/uploads\/2025\/02\/WhatsApp-Image-2025-02-02-at-16.15.49-5-681x1024.jpeg 681w, https:\/\/eventasticmaroc.com\/wp-content\/uploads\/2025\/02\/WhatsApp-Image-2025-02-02-at-16.15.49-5-768x1155.jpeg 768w\" sizes=\"(max-width: 851px) 100vw, 851px\" \/>\t\t\t\t\t\t\t\t\t\t\t\t\t\t\t<\/div>\n\t\t\t\t<\/div>\n\t\t\t\t<\/div>\n\t\t<div class=\"elementor-element elementor-element-7aa5988d e-con-full e-flex e-con e-child\" data-id=\"7aa5988d\" data-element_type=\"container\" data-e-type=\"container\">\n\t\t\t\t<div class=\"elementor-element elementor-element-6c5d5d6f elementor-widget__width-initial elementor-widget-tablet__width-inherit elementor-widget-mobile__width-inherit elementor-position-top elementor-widget elementor-widget-image-box\" data-id=\"6c5d5d6f\" data-element_type=\"widget\" data-e-type=\"widget\" data-widget_type=\"image-box.default\">\n\t\t\t\t<div class=\"elementor-widget-container\">\n\t\t\t\t\t<div class=\"elementor-image-box-wrapper\"><figure class=\"elementor-image-box-img\"><img decoding=\"async\" width=\"1272\" height=\"1600\" src=\"https:\/\/eventasticmaroc.com\/wp-content\/uploads\/2025\/02\/WhatsApp-Image-2025-02-06-at-14.41.48.jpeg\" class=\"attachment-full size-full wp-image-360\" alt=\"\" srcset=\"https:\/\/eventasticmaroc.com\/wp-content\/uploads\/2025\/02\/WhatsApp-Image-2025-02-06-at-14.41.48.jpeg 1272w, https:\/\/eventasticmaroc.com\/wp-content\/uploads\/2025\/02\/WhatsApp-Image-2025-02-06-at-14.41.48-239x300.jpeg 239w, https:\/\/eventasticmaroc.com\/wp-content\/uploads\/2025\/02\/WhatsApp-Image-2025-02-06-at-14.41.48-814x1024.jpeg 814w, https:\/\/eventasticmaroc.com\/wp-content\/uploads\/2025\/02\/WhatsApp-Image-2025-02-06-at-14.41.48-768x966.jpeg 768w, https:\/\/eventasticmaroc.com\/wp-content\/uploads\/2025\/02\/WhatsApp-Image-2025-02-06-at-14.41.48-1221x1536.jpeg 1221w\" sizes=\"(max-width: 1272px) 100vw, 1272px\" \/><\/figure><div class=\"elementor-image-box-content\"><h3 class=\"elementor-image-box-title\">Fatimzahra Hammouda Coe eventastic<\/h3><p class=\"elementor-image-box-description\">Entrepreneuse passionn\u00e9e dans le domaine de l'\u00e9v\u00e9nementiel.\nForte de plusieurs ann\u00e9es d'exp\u00e9rience, j'ai eu le privil\u00e8ge de concevoir et de r\u00e9aliser des \u00e9v\u00e9nements uniques, allant des somptueux mariages aux manifestations d'entreprise, en passant par des c\u00e9l\u00e9brations sur-mesure pour toutes occasions.\nBas\u00e9e \u00e0 Marrakech, je rayonne sur tout le Maroc et collabore avec une client\u00e8le internationale, accueillant des projets aussi bien en provenance de France, d'Am\u00e9rique qu'ailleurs. Mon approche allie cr\u00e9ativit\u00e9, rigueur et une \u00e9coute attentive afin de transformer chaque moment en une exp\u00e9rience inoubliable.\nJe suis convaincue que chaque \u00e9v\u00e9nement est une histoire \u00e0 raconter, et je suis l\u00e0 pour sublimer la v\u00f4tre.\nAu plaisir de collaborer avec vous,<\/p><\/div><\/div>\t\t\t\t<\/div>\n\t\t\t\t<\/div>\n\t\t\t\t<\/div>\n\t\t\t\t<\/div>\n\t\t\t\t<\/div>\n\t\t","protected":false},"excerpt":{"rendered":"<p>Eventastic maroc Chez Eventastic, nous transformons vos id\u00e9es en moments inoubliables. Notre agence de planification d\u2019\u00e9v\u00e9nements, sp\u00e9cialis\u00e9e dans tous types d\u2019\u00e9v\u00e9nements, s\u2019engage \u00e0 faire de chaque occasion un souvenir unique et m\u00e9morable. Que vous planifiiez un mariage, un anniversaire, une soir\u00e9e d\u2019entreprise, ou m\u00eame un \u00e9v\u00e9nement priv\u00e9, notre \u00e9quipe d\u2019experts est l\u00e0 pour vous accompagner [&hellip;]<\/p>\n","protected":false},"author":1,"featured_media":0,"parent":0,"menu_order":0,"comment_status":"closed","ping_status":"closed","template":"elementor_canvas","meta":{"footnotes":""},"class_list":["post-2","page","type-page","status-publish","hentry"],"_links":{"self":[{"href":"https:\/\/eventasticmaroc.com\/index.php?rest_route=\/wp\/v2\/pages\/2","targetHints":{"allow":["GET"]}}],"collection":[{"href":"https:\/\/eventasticmaroc.com\/index.php?rest_route=\/wp\/v2\/pages"}],"about":[{"href":"https:\/\/eventasticmaroc.com\/index.php?rest_route=\/wp\/v2\/types\/page"}],"author":[{"embeddable":true,"href":"https:\/\/eventasticmaroc.com\/index.php?rest_route=\/wp\/v2\/users\/1"}],"replies":[{"embeddable":true,"href":"https:\/\/eventasticmaroc.com\/index.php?rest_route=%2Fwp%2Fv2%2Fcomments&post=2"}],"version-history":[{"count":10,"href":"https:\/\/eventasticmaroc.com\/index.php?rest_route=\/wp\/v2\/pages\/2\/revisions"}],"predecessor-version":[{"id":373,"href":"https:\/\/eventasticmaroc.com\/index.php?rest_route=\/wp\/v2\/pages\/2\/revisions\/373"}],"wp:attachment":[{"href":"https:\/\/eventasticmaroc.com\/index.php?rest_route=%2Fwp%2Fv2%2Fmedia&parent=2"}],"curies":[{"name":"wp","href":"https:\/\/api.w.org\/{rel}","templated":true}]}}